{"id":45,"date":"2018-10-31T14:13:23","date_gmt":"2018-10-31T14:13:23","guid":{"rendered":"http:\/\/metalldesign.rr-metalldesign.de\/?page_id=45"},"modified":"2021-12-07T11:10:47","modified_gmt":"2021-12-07T11:10:47","slug":"startseite","status":"publish","type":"page","link":"http:\/\/rr-metalldesign.de\/","title":{"rendered":"Unsere Schlosserei"},"content":{"rendered":"\n<p class=\"has-text-align-center\"><strong><br><\/strong><\/p>\n\n\n\n<div class=\"wp-block-image\"><figure class=\"aligncenter size-full\"><img decoding=\"async\" loading=\"lazy\" width=\"1024\" height=\"685\" src=\"http:\/\/rr-metalldesign.de\/wp-content\/uploads\/2021\/12\/Logo-Rahn-ohne-Handy-1024x685-1.jpg\" alt=\"\" class=\"wp-image-5366\" srcset=\"http:\/\/rr-metalldesign.de\/wp-content\/uploads\/2021\/12\/Logo-Rahn-ohne-Handy-1024x685-1.jpg 1024w, http:\/\/rr-metalldesign.de\/wp-content\/uploads\/2021\/12\/Logo-Rahn-ohne-Handy-1024x685-1-300x201.jpg 300w, http:\/\/rr-metalldesign.de\/wp-content\/uploads\/2021\/12\/Logo-Rahn-ohne-Handy-1024x685-1-768x514.jpg 768w, http:\/\/rr-metalldesign.de\/wp-content\/uploads\/2021\/12\/Logo-Rahn-ohne-Handy-1024x685-1-390x260.jpg 390w, http:\/\/rr-metalldesign.de\/wp-content\/uploads\/2021\/12\/Logo-Rahn-ohne-Handy-1024x685-1-520x348.jpg 520w, http:\/\/rr-metalldesign.de\/wp-content\/uploads\/2021\/12\/Logo-Rahn-ohne-Handy-1024x685-1-740x495.jpg 740w\" sizes=\"(max-width: 1024px) 100vw, 1024px\" \/><\/figure><\/div>\n\n\n\n<p class=\"has-text-align-center\">Der Handwerksbetrieb wurde im Jahr 1974 vom Bau- und Kunstschlossermeister Helmut Rahn gegr\u00fcndet und konnte eine kontinuierliche Aufw\u00e4rtsentwicklung&nbsp; verzeichnen.<br>In zweiter Generation \u00fcbernahm Sohn Roger Rahn den v\u00e4terlichen Betrieb im Jahr 2006 und f\u00fchrt ihn erfolgreich weiter.<br>Seine Meisterpr\u00fcfung im Metallbauhandwerk legte Roger Rahn im Jahr 1999 vor der Handwerkskammer Wiesbaden mit Auszeichnung ab.<\/p>\n\n\n\n<p class=\"has-text-align-center\"><strong><br><\/strong> <br>Wir bieten unseren Kunden eine zugeschnittene L\u00f6sung des Bauprojekts, mit einem Hochma\u00df an Flexibilit\u00e4t und Sorgf\u00e4ltigkeit<\/p>\n\n\n\n<ul><li>Schlosserarbeiten, Toranlagen, Balkone, Fenster und T\u00fcren, Gel\u00e4nder, Treppen, Z\u00e4une, Carports, Lampen, Emporen, Terrassen\u00fcberdachungen, Gartenm\u00f6bel, Feuerschalen, Montagearbeiten, Garagentore, Vord\u00e4cher, Kunstgegenst\u00e4nde, Konzepterstellung, Bau- und Kompaktl\u00f6sungen, usw\u2026<\/li><\/ul>\n\n\n\n<p><br><\/p>\n\n\n\n<p class=\"has-text-align-center\">Der anerkannte Ausbildungsbetrieb bietet einen guten Arbeitsplatz und genie\u00dft aufgrund seiner Fachkompetenz und erstklassigen handwerklichen Leistungen \u00fcber die Bundes- und Landesgrenzen hinaus einen hervorragenden Ruf.<\/p>\n","protected":false},"excerpt":{"rendered":"<p>Der Handwerksbetrieb wurde im Jahr 1974 vom Bau- und Kunstschlossermeister Helmut Rahn gegr\u00fcndet und konnte eine kontinuierliche Aufw\u00e4rtsentwicklung&nbsp; verzeichnen.In zweiter Generation \u00fcbernahm Sohn Roger Rahn den v\u00e4terlichen Betrieb im Jahr 2006 und f\u00fchrt ihn erfolgreich<a class=\"read-more\" href=\"http:\/\/rr-metalldesign.de\/\">Continue reading<\/a><\/p>\n","protected":false},"author":1,"featured_media":0,"parent":0,"menu_order":1,"comment_status":"closed","ping_status":"closed","template":"page-templates\/page_fullwidth.php","meta":{"ngg_post_thumbnail":0,"footnotes":""},"_links":{"self":[{"href":"http:\/\/rr-metalldesign.de\/index.php?rest_route=\/wp\/v2\/pages\/45"}],"collection":[{"href":"http:\/\/rr-metalldesign.de\/index.php?rest_route=\/wp\/v2\/pages"}],"about":[{"href":"http:\/\/rr-metalldesign.de\/index.php?rest_route=\/wp\/v2\/types\/page"}],"author":[{"embeddable":true,"href":"http:\/\/rr-metalldesign.de\/index.php?rest_route=\/wp\/v2\/users\/1"}],"replies":[{"embeddable":true,"href":"http:\/\/rr-metalldesign.de\/index.php?rest_route=%2Fwp%2Fv2%2Fcomments&post=45"}],"version-history":[{"count":24,"href":"http:\/\/rr-metalldesign.de\/index.php?rest_route=\/wp\/v2\/pages\/45\/revisions"}],"predecessor-version":[{"id":5367,"href":"http:\/\/rr-metalldesign.de\/index.php?rest_route=\/wp\/v2\/pages\/45\/revisions\/5367"}],"wp:attachment":[{"href":"http:\/\/rr-metalldesign.de\/index.php?rest_route=%2Fwp%2Fv2%2Fmedia&parent=45"}],"curies":[{"name":"wp","href":"https:\/\/api.w.org\/{rel}","templated":true}]}}