{"id":20,"date":"2018-10-31T13:33:14","date_gmt":"2018-10-31T13:33:14","guid":{"rendered":"http:\/\/metalldesign.rr-metalldesign.de\/?page_id=20"},"modified":"2021-12-07T11:06:53","modified_gmt":"2021-12-07T11:06:53","slug":"impressum","status":"publish","type":"page","link":"https:\/\/rr-metalldesign.de\/?page_id=20","title":{"rendered":"Impressum"},"content":{"rendered":"\n<p><strong>Bau und Kunstschlosserei Rahn<br><br>Inhaber:<\/strong>\u00a0Roger Rahn, Liebfrauenberg 23, 35410 Hungen<br><strong>Telefon:<\/strong>\u00a006402 &#8211; 2756 Telefax: 06402 &#8211; 3655<br><strong>Email:<\/strong>\u00a0roger-rahn@rr-metalldesign.de<br><strong>Internet:<\/strong>\u00a0www.rr-metalldesign.de<br>verantwortlich f\u00fcr den Inhalt: Roger Rahn<br><strong>Steuernummer:<\/strong>\u00a0020\/890\/12688<br><strong>Zust\u00e4ndige Handwerkskammer:<\/strong>\u00a0Handwerkskammer Wiesbaden<br><strong>Berufsbezeichnung:<\/strong>\u00a0Metallbaumeister (Verliehen in Giessen, Bundesrepublik Deutschland)<\/p>\n\n\n\n<p><strong>Haftungsausschlu\u00df:<br><\/strong><br>Der Inhalt dieser Seiten wurde sorgf\u00e4ltig bearbeitet und \u00fcberpr\u00fcft. Wir \u00fcbernehmen jedoch keine Gew\u00e4hr f\u00fcr die Aktualit\u00e4t, Richtigkeit oder Vollst\u00e4ndigkeit der bereitgestellten Informationen. Diese Website dient ausschlie\u00dflich Informationszwecken.<br>Trotz sorgf\u00e4ltiger inhaltlicher Kontrolle \u00fcbernehmen wir keine Haftung f\u00fcr die Inhalte externer Links. F\u00fcr den Inhalt der verlinkten Seiten sind ausschlie\u00dflich deren Betreiber verantwortlich.<br>Alle Rechte des Internetauftritts von www.rr-metalldesign.de bleiben der Bau &amp; Kunstschlosserei Rahn vorbehalten.<br>Kopieren und Verwenden der Inhalte und Abbildungen der Website bedarf einer schriftlichen Zustimmung. Kopieren, Vervielf\u00e4ltigen oder Ver\u00e4ndern der Website ist verboten.\n\n<\/p>\n","protected":false},"excerpt":{"rendered":"<p>Bau und Kunstschlosserei Rahn Inhaber:\u00a0Roger Rahn, Liebfrauenberg 23, 35410 HungenTelefon:\u00a006402 &#8211; 2756 Telefax: 06402 &#8211; 3655Email:\u00a0roger-rahn@rr-metalldesign.deInternet:\u00a0www.rr-metalldesign.deverantwortlich f\u00fcr den Inhalt: Roger RahnSteuernummer:\u00a0020\/890\/12688Zust\u00e4ndige Handwerkskammer:\u00a0Handwerkskammer WiesbadenBerufsbezeichnung:\u00a0Metallbaumeister (Verliehen in Giessen, Bundesrepublik Deutschland) Haftungsausschlu\u00df:Der Inhalt dieser Seiten wurde sorgf\u00e4ltig bearbeitet<a class=\"read-more\" href=\"https:\/\/rr-metalldesign.de\/?page_id=20\">Continue reading<\/a><\/p>\n","protected":false},"author":1,"featured_media":0,"parent":0,"menu_order":0,"comment_status":"closed","ping_status":"closed","template":"page-templates\/page_fullwidth.php","meta":{"ngg_post_thumbnail":0,"footnotes":""},"_links":{"self":[{"href":"https:\/\/rr-metalldesign.de\/index.php?rest_route=\/wp\/v2\/pages\/20"}],"collection":[{"href":"https:\/\/rr-metalldesign.de\/index.php?rest_route=\/wp\/v2\/pages"}],"about":[{"href":"https:\/\/rr-metalldesign.de\/index.php?rest_route=\/wp\/v2\/types\/page"}],"author":[{"embeddable":true,"href":"https:\/\/rr-metalldesign.de\/index.php?rest_route=\/wp\/v2\/users\/1"}],"replies":[{"embeddable":true,"href":"https:\/\/rr-metalldesign.de\/index.php?rest_route=%2Fwp%2Fv2%2Fcomments&post=20"}],"version-history":[{"count":4,"href":"https:\/\/rr-metalldesign.de\/index.php?rest_route=\/wp\/v2\/pages\/20\/revisions"}],"predecessor-version":[{"id":5358,"href":"https:\/\/rr-metalldesign.de\/index.php?rest_route=\/wp\/v2\/pages\/20\/revisions\/5358"}],"wp:attachment":[{"href":"https:\/\/rr-metalldesign.de\/index.php?rest_route=%2Fwp%2Fv2%2Fmedia&parent=20"}],"curies":[{"name":"wp","href":"https:\/\/api.w.org\/{rel}","templated":true}]}}