{"id":498,"date":"2020-01-27T20:08:54","date_gmt":"2020-01-27T20:08:54","guid":{"rendered":"http:\/\/rr-metalldesign.de\/?page_id=498"},"modified":"2020-01-27T20:35:37","modified_gmt":"2020-01-27T20:35:37","slug":"widerruf","status":"publish","type":"page","link":"https:\/\/rr-metalldesign.de\/?page_id=498","title":{"rendered":"Widerruf"},"content":{"rendered":"\n<p style=\"text-align:center\"><strong>Widerrufsrecht, Widerrufsbelehrung<\/strong><\/p>\n\n\n\n<p style=\"text-align:center\">Sie haben das Recht, binnen 14 Tagen ohne Angabe von Gr\u00fcnden den Vertrag zu widerrufen. Die Widerrufsfrist betr\u00e4gt 14 Tage ab dem Tag des Vertragsschlusses. Um Ihr Widerrufsrecht auszu\u00fcben, m\u00fcssen Sie uns <strong>Bau- und Kunstschlosserei, Roger Rahn, Liebfrauenberg 23, 35410 Hungen, Tel. 06402-2756, Fax: 06402-3655, Email: roger-rahn@rr-metalldesign,de, <\/strong>&nbsp;mittels einer eindeutigen Erkl\u00e4rung (z.B. Brief per Post, Telefax oder Mail) \u00fcber Ihren Entschluss, diesen Vertrag zu widerrufen, informieren. Sie k\u00f6nnen das unten angeh\u00e4ngte Muster-Widerrufsformular verwenden, welches jedoch nicht vorgeschrieben ist. Zur Wahrung der Widerrufsfrist reicht es aus, dass Sie die Mitteilung \u00fcber die Aus\u00fcbung des Widerrufsrechts vor Ablauf der Widerrufsfrist absenden.&nbsp;<\/p>\n\n\n\n<p style=\"text-align:center\"><strong>Folgen des Widerrufs<\/strong><\/p>\n\n\n\n<p style=\"text-align:center\">Wenn Sie den Vertrag widerrufen, haben wir Ihnen alle Zahlungen, die wir von Ihnen erhalten haben, einschlie\u00dflich der Lieferkosten (mit Ausnahme der zus\u00e4tzlichen Kosten, die sich daraus ergeben, dass Sie eine andere Art der Lieferung als die von uns angebotene, g\u00fcnstigere Standardlieferung gew\u00e4hlt haben), unverz\u00fcglich und sp\u00e4testens binnen 14 Tagen ab dem Tag zur\u00fcckzuzahlen, an dem die Mitteilung \u00fcber Ihren Widerruf dieses Vertrages bei uns eingegangen ist. F\u00fcr diese R\u00fcckzahlung verwenden wir dasselbe Zahlungsmittel, das Sie bei der urspr\u00fcnglichen Transaktion eingesetzt haben, es sei denn, mit Ihnen wurde ausdr\u00fccklich etwas anderes vereinbart; in keinem Fall werden Ihnen wegen dieser R\u00fcckzahlung Entgelte berechnet. Haben Sie verlangt, dass die Bauleistungen in der Widerrufsfrist beginnen sollen, haben Sie uns einen angemessenen Betrag zu zahlen, der dem Anteil der bis zu dem Zeitpunkt, zu dem Sie uns von der Aus\u00fcbung des Widerrufsrechts hinsichtlich dieses Vertrages unterrichten, bereits erbrachten Bauleistung im Vergleich zum Gesamtumfang der im Vertrag vorgesehenen Bauleistung entspricht.&nbsp;<\/p>\n\n\n\n<p><\/p>\n\n\n\n<p style=\"text-align:center\"><strong>Hinweis zu den Aufbewahrungsfristen:&nbsp;&nbsp;<\/strong><br><\/p>\n\n\n\n<p style=\"text-align:center\">Auch nicht Unternehmer (Privatleute) haben eine&nbsp;<strong>zweij\u00e4hrige Aufbewahrungspflicht<\/strong>&nbsp;nach \u00a7 14b Abs. 1 S. 5 i. V. m. \u00a7 14 Abs. 2 S. 1 Nr. 1&nbsp; UStG zu beachten. Sie bezieht sich auf Rechnungen, Zahlungsbelege oder andere beweiskr\u00e4ftige Unterlagen, die Privatpersonen im Zusammenhang mit Leistungen an einem Grundst\u00fcck erhalten haben. Zu solchen Leistungen geh\u00f6ren u. a. s\u00e4mtliche Bauleistungen, planerische Leistungen, die Bau\u00fcberwachung, Renovierungsarbeiten, das Anlegen von Bepflanzungen, Ger\u00fcstbau.&nbsp;<\/p>\n\n\n\n<p style=\"text-align:center\">Auf diese Aufbewahrungspflicht der Privatperson wird ebenfalls nach dem UStG auf der Rechnung hinzuweisen.<\/p>\n\n\n\n<p><br><\/p>\n","protected":false},"excerpt":{"rendered":"<p>Widerrufsrecht, Widerrufsbelehrung Sie haben das Recht, binnen 14 Tagen ohne Angabe von Gr\u00fcnden den Vertrag zu widerrufen. Die Widerrufsfrist betr\u00e4gt 14 Tage ab dem Tag des Vertragsschlusses. Um Ihr Widerrufsrecht auszu\u00fcben, m\u00fcssen Sie uns Bau-<a class=\"read-more\" href=\"https:\/\/rr-metalldesign.de\/?page_id=498\">Continue reading<\/a><\/p>\n","protected":false},"author":1,"featured_media":0,"parent":0,"menu_order":0,"comment_status":"closed","ping_status":"closed","template":"","meta":{"ngg_post_thumbnail":0,"footnotes":""},"_links":{"self":[{"href":"https:\/\/rr-metalldesign.de\/index.php?rest_route=\/wp\/v2\/pages\/498"}],"collection":[{"href":"https:\/\/rr-metalldesign.de\/index.php?rest_route=\/wp\/v2\/pages"}],"about":[{"href":"https:\/\/rr-metalldesign.de\/index.php?rest_route=\/wp\/v2\/types\/page"}],"author":[{"embeddable":true,"href":"https:\/\/rr-metalldesign.de\/index.php?rest_route=\/wp\/v2\/users\/1"}],"replies":[{"embeddable":true,"href":"https:\/\/rr-metalldesign.de\/index.php?rest_route=%2Fwp%2Fv2%2Fcomments&post=498"}],"version-history":[{"count":3,"href":"https:\/\/rr-metalldesign.de\/index.php?rest_route=\/wp\/v2\/pages\/498\/revisions"}],"predecessor-version":[{"id":502,"href":"https:\/\/rr-metalldesign.de\/index.php?rest_route=\/wp\/v2\/pages\/498\/revisions\/502"}],"wp:attachment":[{"href":"https:\/\/rr-metalldesign.de\/index.php?rest_route=%2Fwp%2Fv2%2Fmedia&parent=498"}],"curies":[{"name":"wp","href":"https:\/\/api.w.org\/{rel}","templated":true}]}}